{"id":446,"date":"2018-11-20T13:19:47","date_gmt":"2018-11-20T13:19:47","guid":{"rendered":"http:\/\/seofy.webgeniuslab.net\/?page_id=446"},"modified":"2022-09-27T09:27:53","modified_gmt":"2022-09-27T09:27:53","slug":"a-propos","status":"publish","type":"page","link":"https:\/\/boostoneseo.com\/fr\/a-propos\/","title":{"rendered":"\u00c0 Propos de Boost One SEO"},"content":{"rendered":"<p>[vc_row][vc_column][vc_column_text]<\/p>\n<p style=\"text-align: center;\"><strong>Boost One Seo<\/strong> appartient la division marketing et optimisation de moteur de recherche du r\u00e9seau Boost One. Les services pr\u00e9curseurs en mati\u00e8re de r\u00e9f\u00e9rencement que nous offrons aux entreprises de tous les jours ont s\u00e9duit des gens du monde entier qui ont su tirer parti de nos strat\u00e9gies marketing afin de propulser leurs sites web \u00e0 la t\u00eate des moteurs de recherche.<\/p>\n<p>[\/vc_column_text][vc_custom_heading text=&#8221;Pourquoi Nous R\u00e9ussissons&#8221; font_container=&#8221;tag:h2|text_align:center|color:%2320253a&#8221; use_theme_fonts=&#8221;yes&#8221;][vc_column_text]<\/p>\n<p style=\"text-align: center;\">&#8211; Nos experts ont plus de 20 ans d\u2019exp\u00e9rience dans le domaine du r\u00e9f\u00e9rencement SEO, SEM, PPC, mais aussi sur les r\u00e9seaux sociaux et tout ce qui touche aux autres formes de marketing online.<br \/>\n&#8211; Nous analysons votre site, puis nous mettons en place une strat\u00e9gie avant de l\u2019ex\u00e9cuter avec pr\u00e9cision.<\/p>\n<p>[\/vc_column_text][vc_custom_heading text=&#8221;Notre Vision&#8221; font_container=&#8221;tag:h2|text_align:center|color:%2320253a&#8221; use_theme_fonts=&#8221;yes&#8221;][vc_column_text]<\/p>\n<p style=\"text-align: center;\">Nous nous effor\u00e7ons d\u2019apporter un service d\u2019optimisation de moteur de recherche de qualit\u00e9 \u00e0 toutes les entreprises afin qu\u2019elles puissent tirer b\u00e9n\u00e9fice de tous les avantages que le web a \u00e0 leur offrir.<\/p>\n<p>[\/vc_column_text][vc_custom_heading text=&#8221;Lettre de Mission&#8221; font_container=&#8221;tag:h2|text_align:center|color:%2320253a&#8221; use_theme_fonts=&#8221;yes&#8221;][vc_column_text]<\/p>\n<p style=\"text-align: center;\">Notre mission est de permettre aux entreprises de disposer de r\u00e8gles du jeu plus \u00e9quitables, et ce peu importe la taille de l\u2019entreprise. Les moteurs de recherche et l\u2019internet de mani\u00e8re g\u00e9n\u00e9rale sont de plus en plus utilis\u00e9s par les consomateurs et clients potentiels, par cons\u00e9quent, classer son site web en t\u00eate des moteurs de recherche en fonction de certains termes fr\u00e9quemment recherch\u00e9s peut affecter votre site web de mani\u00e8re positive, et ce \u00e0 plusieurs \u00e9gards. Nous mettrons en place la strat\u00e9gie de marketing online ad\u00e9quat qui aidera n\u2019importe quelle entreprise \u00e0 augmenter sa profitabilit\u00e9.<\/p>\n<p>[\/vc_column_text][\/vc_column][\/vc_row]<\/p>\n","protected":false},"excerpt":{"rendered":"<p>[vc_row][vc_column][vc_column_text] Boost One Seo appartient la division marketing et optimisation de moteur de recherche du r\u00e9seau Boost One. Les services pr\u00e9curseurs en mati\u00e8re de r\u00e9f\u00e9rencement que nous offrons aux entreprises de tous les jours ont s\u00e9duit des gens du monde entier qui ont su tirer parti de nos strat\u00e9gies marketing afin de propulser leurs sites [&hellip;]<\/p>\n","protected":false},"author":1,"featured_media":0,"parent":0,"menu_order":33,"comment_status":"closed","ping_status":"closed","template":"templates\/template-about-us.php","meta":{"footnotes":""},"class_list":["post-446","page","type-page","status-publish","hentry"],"yoast_head":"<!-- This site is optimized with the Yoast SEO Premium plugin v26.6 (Yoast SEO v26.6) - https:\/\/yoast.com\/wordpress\/plugins\/seo\/ -->\n<title>\u00c0 Propos | \ufeffR\u00e9f\u00e9rencement Web | Boost One Seo<\/title>\n<meta name=\"description\" content=\"Boost One Seo appartient la division marketing et optimisation de moteur de recherche du r\u00e9seau Boost One.\" \/>\n<meta name=\"robots\" content=\"index, follow, max-snippet:-1, max-image-preview:large, max-video-preview:-1\" \/>\n<link rel=\"canonical\" href=\"https:\/\/boostoneseo.com\/fr\/a-propos\/\" \/>\n<meta property=\"og:locale\" content=\"en_US\" \/>\n<meta property=\"og:type\" content=\"article\" \/>\n<meta property=\"og:title\" content=\"\u00c0 Propos de Boost One SEO\" \/>\n<meta property=\"og:description\" content=\"Boost One Seo appartient la division marketing et optimisation de moteur de recherche du r\u00e9seau Boost One.\" \/>\n<meta property=\"og:url\" content=\"https:\/\/boostoneseo.com\/fr\/a-propos\/\" \/>\n<meta property=\"og:site_name\" content=\"R\u00e9f\u00e9rencement Web | Boost One Seo\" \/>\n<meta property=\"article:modified_time\" content=\"2022-09-27T09:27:53+00:00\" \/>\n<meta name=\"twitter:card\" content=\"summary_large_image\" \/>\n<meta name=\"twitter:label1\" content=\"Est. reading time\" \/>\n\t<meta name=\"twitter:data1\" content=\"2 minutes\" \/>\n<script type=\"application\/ld+json\" class=\"yoast-schema-graph\">{\"@context\":\"https:\/\/schema.org\",\"@graph\":[{\"@type\":\"WebPage\",\"@id\":\"https:\/\/boostoneseo.com\/fr\/a-propos\/\",\"url\":\"https:\/\/boostoneseo.com\/fr\/a-propos\/\",\"name\":\"\u00c0 Propos | \ufeffR\u00e9f\u00e9rencement Web | Boost One Seo\",\"isPartOf\":{\"@id\":\"https:\/\/boostoneseo.com\/fr\/#website\"},\"datePublished\":\"2018-11-20T13:19:47+00:00\",\"dateModified\":\"2022-09-27T09:27:53+00:00\",\"description\":\"Boost One Seo appartient la division marketing et optimisation de moteur de recherche du r\u00e9seau Boost One.\",\"breadcrumb\":{\"@id\":\"https:\/\/boostoneseo.com\/fr\/a-propos\/#breadcrumb\"},\"inLanguage\":\"en-US\",\"potentialAction\":[{\"@type\":\"ReadAction\",\"target\":[\"https:\/\/boostoneseo.com\/fr\/a-propos\/\"]}]},{\"@type\":\"BreadcrumbList\",\"@id\":\"https:\/\/boostoneseo.com\/fr\/a-propos\/#breadcrumb\",\"itemListElement\":[{\"@type\":\"ListItem\",\"position\":1,\"name\":\"Home\",\"item\":\"https:\/\/boostoneseo.com\/fr\/\"},{\"@type\":\"ListItem\",\"position\":2,\"name\":\"\u00c0 Propos de Boost One SEO\"}]},{\"@type\":\"WebSite\",\"@id\":\"https:\/\/boostoneseo.com\/fr\/#website\",\"url\":\"https:\/\/boostoneseo.com\/fr\/\",\"name\":\"R\u00e9f\u00e9rencement Web | Boost One Seo\",\"description\":\"\",\"potentialAction\":[{\"@type\":\"SearchAction\",\"target\":{\"@type\":\"EntryPoint\",\"urlTemplate\":\"https:\/\/boostoneseo.com\/fr\/?s={search_term_string}\"},\"query-input\":{\"@type\":\"PropertyValueSpecification\",\"valueRequired\":true,\"valueName\":\"search_term_string\"}}],\"inLanguage\":\"en-US\"}]}<\/script>\n<!-- \/ Yoast SEO Premium plugin. -->","yoast_head_json":{"title":"\u00c0 Propos | \ufeffR\u00e9f\u00e9rencement Web | Boost One Seo","description":"Boost One Seo appartient la division marketing et optimisation de moteur de recherche du r\u00e9seau Boost One.","robots":{"index":"index","follow":"follow","max-snippet":"max-snippet:-1","max-image-preview":"max-image-preview:large","max-video-preview":"max-video-preview:-1"},"canonical":"https:\/\/boostoneseo.com\/fr\/a-propos\/","og_locale":"en_US","og_type":"article","og_title":"\u00c0 Propos de Boost One SEO","og_description":"Boost One Seo appartient la division marketing et optimisation de moteur de recherche du r\u00e9seau Boost One.","og_url":"https:\/\/boostoneseo.com\/fr\/a-propos\/","og_site_name":"R\u00e9f\u00e9rencement Web | Boost One Seo","article_modified_time":"2022-09-27T09:27:53+00:00","twitter_card":"summary_large_image","twitter_misc":{"Est. reading time":"2 minutes"},"schema":{"@context":"https:\/\/schema.org","@graph":[{"@type":"WebPage","@id":"https:\/\/boostoneseo.com\/fr\/a-propos\/","url":"https:\/\/boostoneseo.com\/fr\/a-propos\/","name":"\u00c0 Propos | \ufeffR\u00e9f\u00e9rencement Web | Boost One Seo","isPartOf":{"@id":"https:\/\/boostoneseo.com\/fr\/#website"},"datePublished":"2018-11-20T13:19:47+00:00","dateModified":"2022-09-27T09:27:53+00:00","description":"Boost One Seo appartient la division marketing et optimisation de moteur de recherche du r\u00e9seau Boost One.","breadcrumb":{"@id":"https:\/\/boostoneseo.com\/fr\/a-propos\/#breadcrumb"},"inLanguage":"en-US","potentialAction":[{"@type":"ReadAction","target":["https:\/\/boostoneseo.com\/fr\/a-propos\/"]}]},{"@type":"BreadcrumbList","@id":"https:\/\/boostoneseo.com\/fr\/a-propos\/#breadcrumb","itemListElement":[{"@type":"ListItem","position":1,"name":"Home","item":"https:\/\/boostoneseo.com\/fr\/"},{"@type":"ListItem","position":2,"name":"\u00c0 Propos de Boost One SEO"}]},{"@type":"WebSite","@id":"https:\/\/boostoneseo.com\/fr\/#website","url":"https:\/\/boostoneseo.com\/fr\/","name":"R\u00e9f\u00e9rencement Web | Boost One Seo","description":"","potentialAction":[{"@type":"SearchAction","target":{"@type":"EntryPoint","urlTemplate":"https:\/\/boostoneseo.com\/fr\/?s={search_term_string}"},"query-input":{"@type":"PropertyValueSpecification","valueRequired":true,"valueName":"search_term_string"}}],"inLanguage":"en-US"}]}},"_links":{"self":[{"href":"https:\/\/boostoneseo.com\/fr\/wp-json\/wp\/v2\/pages\/446","targetHints":{"allow":["GET"]}}],"collection":[{"href":"https:\/\/boostoneseo.com\/fr\/wp-json\/wp\/v2\/pages"}],"about":[{"href":"https:\/\/boostoneseo.com\/fr\/wp-json\/wp\/v2\/types\/page"}],"author":[{"embeddable":true,"href":"https:\/\/boostoneseo.com\/fr\/wp-json\/wp\/v2\/users\/1"}],"replies":[{"embeddable":true,"href":"https:\/\/boostoneseo.com\/fr\/wp-json\/wp\/v2\/comments?post=446"}],"version-history":[{"count":11,"href":"https:\/\/boostoneseo.com\/fr\/wp-json\/wp\/v2\/pages\/446\/revisions"}],"predecessor-version":[{"id":27257,"href":"https:\/\/boostoneseo.com\/fr\/wp-json\/wp\/v2\/pages\/446\/revisions\/27257"}],"wp:attachment":[{"href":"https:\/\/boostoneseo.com\/fr\/wp-json\/wp\/v2\/media?parent=446"}],"curies":[{"name":"wp","href":"https:\/\/api.w.org\/{rel}","templated":true}]}}