{"id":24622,"date":"2020-11-10T08:49:39","date_gmt":"2020-11-10T08:49:39","guid":{"rendered":"https:\/\/boostoneseo.com\/fr\/?page_id=24622"},"modified":"2022-10-03T13:44:14","modified_gmt":"2022-10-03T13:44:14","slug":"contactez-nous","status":"publish","type":"page","link":"https:\/\/boostoneseo.com\/fr\/contactez-nous\/","title":{"rendered":"Contactez Nous"},"content":{"rendered":"<p>[vc_row full_width=&#8221;stretch_row_content&#8221; css=&#8221;.vc_custom_1659335591844{margin-top: 80px !important;}&#8221; el_class=&#8221;contact_map_wrapper&#8221;][vc_column width=&#8221;1\/4&#8243;][\/vc_column][vc_column width=&#8221;1\/2&#8243;][vc_column_text css=&#8221;.vc_custom_1664802677371{margin-bottom: 40px !important;}&#8221;]<\/p>\r\n<p><iframe loading=\"lazy\" src=\"https:\/\/maps.google.com\/maps?f=q&amp;source=s_q&amp;hl=en&amp;geocode=&amp;q=386+Le+Moyne+%23102+Montreal,+Quebec+H2Y2M3+Canada&amp;sll=22.458471,114.011049&amp;sspn=0.063377,0.077162&amp;ie=UTF8&amp;hq=&amp;hnear=386+Rue+le+Moyne+%23102,+Montr%C3%A9al,+Communaut%C3%A9-Urbaine-de-Montr%C3%A9al,+Qu%C3%A9bec+H2Y+2M3,+Canada&amp;t=m&amp;z=14&amp;ll=45.50095,-73.55732&amp;output=embed\" width=\"100%\" height=\"350\" frameborder=\"0\" marginwidth=\"0\" marginheight=\"0\" scrolling=\"no\"><\/iframe><\/p>\r\n<p>[\/vc_column_text][\/vc_column][vc_column width=&#8221;1\/4&#8243;][\/vc_column][\/vc_row][vc_row full_width=&#8221;stretch_row_content&#8221; css=&#8221;.vc_custom_1659335613980{margin-top: 10px !important;margin-bottom: 100px !important;}&#8221; el_class=&#8221;contact_contact_form_wrapper&#8221;][vc_column width=&#8221;1\/4&#8243;][\/vc_column][vc_column width=&#8221;1\/2&#8243;][vc_column_text]<\/p>\r\n<p class=\"contactpagecall\" style=\"text-align: center;\">Call <a href=\"tel:1-800-656-0685\" style=\"color: #20253a;\">1-800-656-0685<\/a><\/p>\r\n<p>[\/vc_column_text][vc_column_text]<\/p>\r\n<h6 style=\"text-align: center;\">OU<\/h6>\r\n<p>[\/vc_column_text][vc_column_text]<\/p>\r\n<h6 style=\"text-align: center;\">Veuillez remplir le formulaire ci-dessous si vous d\u00e9sirez nous faire part de vos commentaires et r\u00e9actions, Merci<\/h6>\r\n<p>[\/vc_column_text][vc_column_text]<\/p>\r\n<p style=\"text-align: center;\"><div role=\"form\" class=\"wpcf7\" id=\"wpcf7-f24628-o1\" lang=\"en-US\" dir=\"ltr\">\n<div class=\"screen-reader-response\" role=\"alert\" aria-live=\"polite\"><\/div>\n<form action=\"\/fr\/wp-json\/wp\/v2\/pages\/24622#wpcf7-f24628-o1\" method=\"post\" class=\"wpcf7-form init\" novalidate=\"novalidate\">\n<div style=\"display: none;\">\n<input type=\"hidden\" name=\"_wpcf7\" value=\"24628\" \/>\n<input type=\"hidden\" name=\"_wpcf7_version\" value=\"5.2.2\" \/>\n<input type=\"hidden\" name=\"_wpcf7_locale\" value=\"en_US\" \/>\n<input type=\"hidden\" name=\"_wpcf7_unit_tag\" value=\"wpcf7-f24628-o1\" \/>\n<input type=\"hidden\" name=\"_wpcf7_container_post\" value=\"0\" \/>\n<input type=\"hidden\" name=\"_wpcf7_posted_data_hash\" value=\"\" \/>\n<\/div>\n<p><span class=\"wpcf7-form-control-wrap your-name\"><input type=\"text\" name=\"your-name\" value=\"\" size=\"40\" class=\"wpcf7-form-control wpcf7-text wpcf7-validates-as-required\" aria-required=\"true\" aria-invalid=\"false\" placeholder=\"Entrez votre nom ici*\" \/><\/span><span class=\"wpcf7-form-control-wrap your-email\"><input type=\"email\" name=\"your-email\" value=\"\" size=\"40\" class=\"wpcf7-form-control wpcf7-text wpcf7-email wpcf7-validates-as-required wpcf7-validates-as-email\" aria-required=\"true\" aria-invalid=\"false\" placeholder=\"Adresse e-mail*\" \/><\/span><span class=\"wpcf7-form-control-wrap your-phone\"><input type=\"tel\" name=\"your-phone\" value=\"\" size=\"40\" class=\"wpcf7-form-control wpcf7-text wpcf7-tel wpcf7-validates-as-required wpcf7-validates-as-tel\" aria-required=\"true\" aria-invalid=\"false\" placeholder=\"Num\u00e9ro de t\u00e9l\u00e9phone*\" \/><\/span><span class=\"wpcf7-form-control-wrap enter-website\"><input type=\"text\" name=\"enter-website\" value=\"\" size=\"40\" class=\"wpcf7-form-control wpcf7-text wpcf7-validates-as-required\" aria-required=\"true\" aria-invalid=\"false\" placeholder=\"Site Web*\" \/><\/span><span class=\"wpcf7-form-control-wrap enter-budget\"><input type=\"number\" name=\"enter-budget\" value=\"\" class=\"wpcf7-form-control wpcf7-number wpcf7-validates-as-required wpcf7-validates-as-number\" aria-required=\"true\" aria-invalid=\"false\" placeholder=\"Budget*\" \/><\/span><span class=\"wpcf7-form-control-wrap your-message\"><textarea name=\"your-message\" cols=\"40\" rows=\"10\" class=\"wpcf7-form-control wpcf7-textarea\" aria-invalid=\"false\" placeholder=\"Commentaires\"><\/textarea><\/span><input type=\"submit\" value=\"Envoyer\" class=\"wpcf7-form-control wpcf7-submit\" \/><\/p>\n<div class=\"wpcf7-response-output\" role=\"alert\" aria-hidden=\"true\"><\/div><\/form><\/div>\r\n<p>[\/vc_column_text][\/vc_column][vc_column width=&#8221;1\/4&#8243;][\/vc_column][\/vc_row][vc_row equal_height=&#8221;yes&#8221; content_placement=&#8221;middle&#8221; disable_element=&#8221;yes&#8221; css=&#8221;.vc_custom_1657973728197{background-color: #20253a !important;}&#8221; el_class=&#8221;contact_us_below_section_wrapper&#8221;][vc_column width=&#8221;1\/2&#8243; css=&#8221;.vc_custom_1616848660262{padding-top: 30px !important;padding-bottom: 30px !important;}&#8221;][vc_column_text]<\/p>\r\n<h3>Email Us<\/h3>\r\n<p><a href=\"mailto:support@boostonenetwork.com\"><i class=\"fa fa-envelope\" aria-hidden=\"true\"><\/i> support@boostonenetwork.com<\/a><\/p>\r\n<p>[\/vc_column_text][\/vc_column][vc_column width=&#8221;1\/2&#8243; css=&#8221;.vc_custom_1616848668974{padding-top: 30px !important;padding-bottom: 30px !important;}&#8221;][vc_btn title=&#8221;Book a Strategy Call&#8221; style=&#8221;custom&#8221; custom_background=&#8221;#ffffff&#8221; custom_text=&#8221;#20253a&#8221; shape=&#8221;square&#8221; css=&#8221;.vc_custom_1616849126381{margin-bottom: 0px !important;}&#8221; link=&#8221;url:https%3A%2F%2Fcalendly.com%2Fboostone%2Ffree-website-analysis%3Fmonth%3D2021-03||target:%20_blank|&#8221;][\/vc_column][\/vc_row][vc_row disable_element=&#8221;yes&#8221;][vc_column][vc_column_text]<\/p>\r\n<p>[:fr]<\/p>\r\n<p>Boost One Network is a Canada search engine marketing agency, that deliver digital marketing strategies to companies worldwide. Contact us today to find out how we can help you.<\/p>\r\n<ul>\r\n<li><span><i class=\"fa fa-map-marker\" aria-hidden=\"true\"><\/i><\/span>386 Le Moyne #102 Montreal, Quebec H2Y2M3 Canada.<\/li>\r\n<li><span><i class=\"fa fa-envelope\" aria-hidden=\"true\"><\/i><\/span><a href=\"mailto:info@Boost Oneseo.com\">info@Boost Oneseo.com<\/a><\/li>\r\n<li><span><i class=\"fa fa-phone\" aria-hidden=\"true\"><\/i><\/span><a href=\"tel:1-800-656-0685\">1-800-656-0685<\/a><\/li>\r\n<\/ul>\r\n<p>[:][\/vc_column_text][\/vc_column][\/vc_row]<\/p>","protected":false},"excerpt":{"rendered":"<p>[vc_row full_width=&#8221;stretch_row_content&#8221; css=&#8221;.vc_custom_1659335591844{margin-top: 80px !important;}&#8221; el_class=&#8221;contact_map_wrapper&#8221;][vc_column width=&#8221;1\/4&#8243;][\/vc_column][vc_column width=&#8221;1\/2&#8243;][vc_column_text css=&#8221;.vc_custom_1664802677371{margin-bottom: 40px !important;}&#8221;] [\/vc_column_text][\/vc_column][vc_column width=&#8221;1\/4&#8243;][\/vc_column][\/vc_row][vc_row full_width=&#8221;stretch_row_content&#8221; css=&#8221;.vc_custom_1659335613980{margin-top: 10px !important;margin-bottom: 100px !important;}&#8221; el_class=&#8221;contact_contact_form_wrapper&#8221;][vc_column width=&#8221;1\/4&#8243;][\/vc_column][vc_column width=&#8221;1\/2&#8243;][vc_column_text] Call 1-800-656-0685 [\/vc_column_text][vc_column_text] OU [\/vc_column_text][vc_column_text] Veuillez remplir le formulaire ci-dessous si vous d\u00e9sirez nous faire part de vos commentaires et r\u00e9actions, Merci [\/vc_column_text][vc_column_text] [\/vc_column_text][\/vc_column][vc_column width=&#8221;1\/4&#8243;][\/vc_column][\/vc_row][vc_row equal_height=&#8221;yes&#8221; content_placement=&#8221;middle&#8221; disable_element=&#8221;yes&#8221; css=&#8221;.vc_custom_1657973728197{background-color: #20253a !important;}&#8221; el_class=&#8221;contact_us_below_section_wrapper&#8221;][vc_column width=&#8221;1\/2&#8243; [&hellip;]<\/p>\n","protected":false},"author":1,"featured_media":0,"parent":0,"menu_order":12,"comment_status":"closed","ping_status":"closed","template":"templates\/template-contact.php","meta":{"footnotes":""},"class_list":["post-24622","page","type-page","status-publish","hentry"],"yoast_head":"<!-- This site is optimized with the Yoast SEO Premium plugin v26.6 (Yoast SEO v26.6) - https:\/\/yoast.com\/wordpress\/plugins\/seo\/ -->\n<title>Contactez Nous | \ufeffR\u00e9f\u00e9rencement Web | Boost One Seo<\/title>\n<meta name=\"description\" content=\"Veuillez remplir le formulaire ci-dessous si vous d\u00e9sirez nous faire part de vos commentaires et r\u00e9actions.\" \/>\n<meta name=\"robots\" content=\"index, follow, max-snippet:-1, max-image-preview:large, max-video-preview:-1\" \/>\n<link rel=\"canonical\" href=\"https:\/\/boostoneseo.com\/fr\/contactez-nous\/\" \/>\n<meta property=\"og:locale\" content=\"en_US\" \/>\n<meta property=\"og:type\" content=\"article\" \/>\n<meta property=\"og:title\" content=\"Contactez Nous\" \/>\n<meta property=\"og:description\" content=\"Veuillez remplir le formulaire ci-dessous si vous d\u00e9sirez nous faire part de vos commentaires et r\u00e9actions.\" \/>\n<meta property=\"og:url\" content=\"https:\/\/boostoneseo.com\/fr\/contactez-nous\/\" \/>\n<meta property=\"og:site_name\" content=\"R\u00e9f\u00e9rencement Web | Boost One Seo\" \/>\n<meta property=\"article:modified_time\" content=\"2022-10-03T13:44:14+00:00\" \/>\n<meta name=\"twitter:card\" content=\"summary_large_image\" \/>\n<meta name=\"twitter:label1\" content=\"Est. reading time\" \/>\n\t<meta name=\"twitter:data1\" content=\"1 minute\" \/>\n<script type=\"application\/ld+json\" class=\"yoast-schema-graph\">{\"@context\":\"https:\/\/schema.org\",\"@graph\":[{\"@type\":\"WebPage\",\"@id\":\"https:\/\/boostoneseo.com\/fr\/contactez-nous\/\",\"url\":\"https:\/\/boostoneseo.com\/fr\/contactez-nous\/\",\"name\":\"Contactez Nous | \ufeffR\u00e9f\u00e9rencement Web | Boost One Seo\",\"isPartOf\":{\"@id\":\"https:\/\/boostoneseo.com\/fr\/#website\"},\"datePublished\":\"2020-11-10T08:49:39+00:00\",\"dateModified\":\"2022-10-03T13:44:14+00:00\",\"description\":\"Veuillez remplir le formulaire ci-dessous si vous d\u00e9sirez nous faire part de vos commentaires et r\u00e9actions.\",\"breadcrumb\":{\"@id\":\"https:\/\/boostoneseo.com\/fr\/contactez-nous\/#breadcrumb\"},\"inLanguage\":\"en-US\",\"potentialAction\":[{\"@type\":\"ReadAction\",\"target\":[\"https:\/\/boostoneseo.com\/fr\/contactez-nous\/\"]}]},{\"@type\":\"BreadcrumbList\",\"@id\":\"https:\/\/boostoneseo.com\/fr\/contactez-nous\/#breadcrumb\",\"itemListElement\":[{\"@type\":\"ListItem\",\"position\":1,\"name\":\"Home\",\"item\":\"https:\/\/boostoneseo.com\/fr\/\"},{\"@type\":\"ListItem\",\"position\":2,\"name\":\"Contactez Nous\"}]},{\"@type\":\"WebSite\",\"@id\":\"https:\/\/boostoneseo.com\/fr\/#website\",\"url\":\"https:\/\/boostoneseo.com\/fr\/\",\"name\":\"R\u00e9f\u00e9rencement Web | Boost One Seo\",\"description\":\"\",\"potentialAction\":[{\"@type\":\"SearchAction\",\"target\":{\"@type\":\"EntryPoint\",\"urlTemplate\":\"https:\/\/boostoneseo.com\/fr\/?s={search_term_string}\"},\"query-input\":{\"@type\":\"PropertyValueSpecification\",\"valueRequired\":true,\"valueName\":\"search_term_string\"}}],\"inLanguage\":\"en-US\"}]}<\/script>\n<!-- \/ Yoast SEO Premium plugin. -->","yoast_head_json":{"title":"Contactez Nous | \ufeffR\u00e9f\u00e9rencement Web | Boost One Seo","description":"Veuillez remplir le formulaire ci-dessous si vous d\u00e9sirez nous faire part de vos commentaires et r\u00e9actions.","robots":{"index":"index","follow":"follow","max-snippet":"max-snippet:-1","max-image-preview":"max-image-preview:large","max-video-preview":"max-video-preview:-1"},"canonical":"https:\/\/boostoneseo.com\/fr\/contactez-nous\/","og_locale":"en_US","og_type":"article","og_title":"Contactez Nous","og_description":"Veuillez remplir le formulaire ci-dessous si vous d\u00e9sirez nous faire part de vos commentaires et r\u00e9actions.","og_url":"https:\/\/boostoneseo.com\/fr\/contactez-nous\/","og_site_name":"R\u00e9f\u00e9rencement Web | Boost One Seo","article_modified_time":"2022-10-03T13:44:14+00:00","twitter_card":"summary_large_image","twitter_misc":{"Est. reading time":"1 minute"},"schema":{"@context":"https:\/\/schema.org","@graph":[{"@type":"WebPage","@id":"https:\/\/boostoneseo.com\/fr\/contactez-nous\/","url":"https:\/\/boostoneseo.com\/fr\/contactez-nous\/","name":"Contactez Nous | \ufeffR\u00e9f\u00e9rencement Web | Boost One Seo","isPartOf":{"@id":"https:\/\/boostoneseo.com\/fr\/#website"},"datePublished":"2020-11-10T08:49:39+00:00","dateModified":"2022-10-03T13:44:14+00:00","description":"Veuillez remplir le formulaire ci-dessous si vous d\u00e9sirez nous faire part de vos commentaires et r\u00e9actions.","breadcrumb":{"@id":"https:\/\/boostoneseo.com\/fr\/contactez-nous\/#breadcrumb"},"inLanguage":"en-US","potentialAction":[{"@type":"ReadAction","target":["https:\/\/boostoneseo.com\/fr\/contactez-nous\/"]}]},{"@type":"BreadcrumbList","@id":"https:\/\/boostoneseo.com\/fr\/contactez-nous\/#breadcrumb","itemListElement":[{"@type":"ListItem","position":1,"name":"Home","item":"https:\/\/boostoneseo.com\/fr\/"},{"@type":"ListItem","position":2,"name":"Contactez Nous"}]},{"@type":"WebSite","@id":"https:\/\/boostoneseo.com\/fr\/#website","url":"https:\/\/boostoneseo.com\/fr\/","name":"R\u00e9f\u00e9rencement Web | Boost One Seo","description":"","potentialAction":[{"@type":"SearchAction","target":{"@type":"EntryPoint","urlTemplate":"https:\/\/boostoneseo.com\/fr\/?s={search_term_string}"},"query-input":{"@type":"PropertyValueSpecification","valueRequired":true,"valueName":"search_term_string"}}],"inLanguage":"en-US"}]}},"_links":{"self":[{"href":"https:\/\/boostoneseo.com\/fr\/wp-json\/wp\/v2\/pages\/24622","targetHints":{"allow":["GET"]}}],"collection":[{"href":"https:\/\/boostoneseo.com\/fr\/wp-json\/wp\/v2\/pages"}],"about":[{"href":"https:\/\/boostoneseo.com\/fr\/wp-json\/wp\/v2\/types\/page"}],"author":[{"embeddable":true,"href":"https:\/\/boostoneseo.com\/fr\/wp-json\/wp\/v2\/users\/1"}],"replies":[{"embeddable":true,"href":"https:\/\/boostoneseo.com\/fr\/wp-json\/wp\/v2\/comments?post=24622"}],"version-history":[{"count":37,"href":"https:\/\/boostoneseo.com\/fr\/wp-json\/wp\/v2\/pages\/24622\/revisions"}],"predecessor-version":[{"id":27325,"href":"https:\/\/boostoneseo.com\/fr\/wp-json\/wp\/v2\/pages\/24622\/revisions\/27325"}],"wp:attachment":[{"href":"https:\/\/boostoneseo.com\/fr\/wp-json\/wp\/v2\/media?parent=24622"}],"curies":[{"name":"wp","href":"https:\/\/api.w.org\/{rel}","templated":true}]}}